{"id":774,"date":"2014-04-09T11:31:02","date_gmt":"2014-04-09T11:31:02","guid":{"rendered":"http:\/\/www.studio-projekt.cz\/?page_id=774"},"modified":"2019-12-30T13:55:57","modified_gmt":"2019-12-30T13:55:57","slug":"kontakt","status":"publish","type":"page","link":"https:\/\/www.studio-projekt.cz\/?page_id=774","title":{"rendered":"Kontakt"},"content":{"rendered":"<p><strong>ProjekCZE s.r.o.<\/strong><\/p>\n<p>s\u00eddlo: Karlova 933\/7, 614 00 Brno &#8211; Malom\u011b\u0159ice<br \/>\nI\u010c: 08771588<br \/>\nDI\u010c: CZ08771588<br \/>\nemail: <a href=\"mailto:info@projekcze.cz\">info@projekcze.cz<\/a><\/p>\n<p><strong>Provozovna Brno<\/strong><br \/>\nkancel\u00e1\u0159: Karlova 933\/7, 614 00 Brno &#8211; Malom\u011b\u0159ice<br \/>\n(n\u00e1v\u0161t\u011bvn\u00ed hodiny dle dohody)<br \/>\nkontaktn\u00ed osoba: Ing. Martin Val\u00e1\u0161ek<br \/>\n\u010cKAIT &#8211; 1006751<br \/>\ntel.: 732 560 264<br \/>\nemail: <a href=\"mailto:valasek@projekcze.cz\">valasek@projekcze.cz<\/a><\/p>\n<p><strong>Provozovna Kop\u0159ivnice<\/strong><br \/>\nkancel\u00e1\u0159: \u0160tef\u00e1nikova 58\/31, 742 21 Kop\u0159ivnice<br \/>\n(n\u00e1v\u0161t\u011bvn\u00ed hodiny dle dohody)<br \/>\nkontaktn\u00ed osoba: \u010cestm\u00edr Barv\u00edk<br \/>\ntel.: 734 608 041<br \/>\nemail: <a href=\"mailto:barvik@projekcze.cz\">barvik@projekcze.cz<\/a><\/p>\n","protected":false},"excerpt":{"rendered":"<p>ProjekCZE s.r.o. s\u00eddlo: Karlova 933\/7, 614 00 Brno &#8211; Malom\u011b\u0159ice I\u010c: 08771588 DI\u010c: CZ08771588 [&hellip;]<\/p>\n","protected":false},"author":1,"featured_media":0,"parent":0,"menu_order":0,"comment_status":"open","ping_status":"open","template":"","meta":{"footnotes":""},"_links":{"self":[{"href":"https:\/\/www.studio-projekt.cz\/index.php?rest_route=\/wp\/v2\/pages\/774"}],"collection":[{"href":"https:\/\/www.studio-projekt.cz\/index.php?rest_route=\/wp\/v2\/pages"}],"about":[{"href":"https:\/\/www.studio-projekt.cz\/index.php?rest_route=\/wp\/v2\/types\/page"}],"author":[{"embeddable":true,"href":"https:\/\/www.studio-projekt.cz\/index.php?rest_route=\/wp\/v2\/users\/1"}],"replies":[{"embeddable":true,"href":"https:\/\/www.studio-projekt.cz\/index.php?rest_route=%2Fwp%2Fv2%2Fcomments&post=774"}],"version-history":[{"count":22,"href":"https:\/\/www.studio-projekt.cz\/index.php?rest_route=\/wp\/v2\/pages\/774\/revisions"}],"predecessor-version":[{"id":1312,"href":"https:\/\/www.studio-projekt.cz\/index.php?rest_route=\/wp\/v2\/pages\/774\/revisions\/1312"}],"wp:attachment":[{"href":"https:\/\/www.studio-projekt.cz\/index.php?rest_route=%2Fwp%2Fv2%2Fmedia&parent=774"}],"curies":[{"name":"wp","href":"https:\/\/api.w.org\/{rel}","templated":true}]}}