{"id":2,"date":"2014-03-20T19:33:51","date_gmt":"2014-03-20T19:33:51","guid":{"rendered":"http:\/\/www.studio-projekt.cz\/?page_id=2"},"modified":"2014-10-13T20:52:46","modified_gmt":"2014-10-13T20:52:46","slug":"neco-o-me","status":"publish","type":"page","link":"https:\/\/www.studio-projekt.cz\/?page_id=2","title":{"rendered":"Slu\u017eby"},"content":{"rendered":"<p>Zhotovujeme\u00a0<b>projektovou dokumentaci<\/b>\u00a0na z\u00e1klad\u011b p\u0159\u00e1n\u00ed a po\u017eadavk\u016f investora, tak aby spl\u0148ovaly v\u0161echny sou\u010dasn\u00e9 normy, p\u0159edpisy a z\u00e1kony. Na vy\u017e\u00e1d\u00e1n\u00ed je spolu s\u00a0<b>projek\u010dn\u00ed \u010dinnost\u00ed<\/b>\u00a0prov\u00e1d\u011bna i\u00a0<b>in\u017een\u00fdrsk\u00e1 \u010dinnost<\/b>, kter\u00e1 spo\u010d\u00edv\u00e1 p\u0159edev\u0161\u00edm v komunikaci s \u00fa\u0159ady, poskytov\u00e1n\u00ed podklad\u016f t\u011bmto \u00fa\u0159ad\u016fm a z\u00edsk\u00e1n\u00ed dobr\u00e9 pozice pro klienta. V\u00fdsledkem t\u00e9to slu\u017eby je <b>stavebn\u00ed povolen\u00ed<\/b>, kter\u00e9 investor obdr\u017e\u00ed bez v\u011bt\u0161\u00ed osobn\u00ed n\u00e1mahy. Prov\u00e1d\u00edme <b>v\u00fdb\u011br dodavatele stavby<\/b> s\u00a0n\u00e1sledn\u00fdm autorsk\u00fdm dozorem, \u010d\u00edm\u017e \u0161et\u0159\u00edme investor\u016fm finance a \u010das.<\/p>\n<p><b><i>Rozsah\u00a0projek\u010dn\u00ed \u010dinnosti<\/i><\/b><\/p>\n<p>&#8211; Podrobn\u00e9 sezn\u00e1men\u00ed se s lokalitou ur\u010denou pro v\u00fdstavbu (zji\u0161t\u011bn\u00ed s\u00edt\u00ed v lokalit\u011b, prostudov\u00e1n\u00ed \u00fazemn\u00edho pl\u00e1nu)<\/p>\n<p>&#8211; V p\u0159\u00edpad\u011b rekonstrukce zam\u011b\u0159en\u00ed st\u00e1vaj\u00edc\u00edho stavu<\/p>\n<p>&#8211; Vypracov\u00e1n\u00ed Studie \u2013 va\u0161e po\u017eadavky a p\u0159edstavy o \u017eivot\u011b v\u00a0budouc\u00edm bydlen\u00ed p\u0159eneseme do barevn\u00e9 grafick\u00e9 vizualizace<\/p>\n<p>&#8211; Vypracov\u00e1n\u00ed Dokumentace pro ohl\u00e1\u0161en\u00ed stavby \u010di stavebn\u00ed povolen\u00ed<\/p>\n<p>&#8211; Vypracov\u00e1n\u00ed dokumentace pro proveden\u00ed stavby (tzv. realiza\u010dn\u00ed dokumentace), kter\u00e1 mimo jin\u00e9 obsahuje podrobn\u00e9 v\u00fdkazy materi\u00e1lu s\u00a0kubaturami<\/p>\n<p><b>Stavebnictv\u00ed je velice rozs\u00e1hl\u00fd obor a chceme zajistit sv\u00fdm z\u00e1kazn\u00edk\u016fm kompletn\u00ed projektovou dokumentaci, kter\u00e1 obsahuje mimo jin\u00e9 specializace, kter\u00e9 jsme schopni zajistit u sv\u00fdch dlouholet\u00fdch extern\u00edch spolupracovn\u00edk\u016f. V na\u0161\u00ed cenov\u00e9 nab\u00eddce jsou tyto specializace ji\u017e standardn\u011b zahrnuty a nedoch\u00e1z\u00ed tak k\u00a0dal\u0161\u00edmu navy\u0161ov\u00e1n\u00ed ceny. Jedn\u00e1 se p\u0159ev\u00e1\u017en\u011b o projekty vzduchotechniky a plynu, geologick\u00e9 a radonov\u00e9 pr\u016fzkumy, statick\u00e9 v\u00fdpo\u010dty, geodetick\u00e9 zam\u011b\u0159en\u00ed pozemku a v neposledn\u00ed \u0159ad\u011b polo\u017ekov\u00fd rozpo\u010det se slep\u00fdm rozpo\u010dtem, kter\u00fd je pot\u0159ebn\u00fd pro v\u00fdb\u011br vhodn\u00e9ho dodavatele stavby.<\/b><\/p>\n<p><b><i>Slu\u017eby v r\u00e1mci\u00a0in\u017een\u00fdrsk\u00e9 \u010dinnosti<\/i><\/b><\/p>\n<p>&#8211; jedn\u00e1n\u00ed s p\u0159\u00edslu\u0161n\u00fdm stavebn\u00edm \u00fa\u0159adem a obc\u00ed pro z\u00edsk\u00e1n\u00ed nezbytn\u00fdch povolen\u00ed a vyj\u00e1d\u0159en\u00ed<\/p>\n<p>&#8211; zaji\u0161t\u011bn\u00ed vyj\u00e1d\u0159en\u00ed dot\u010den\u00fdch org\u00e1n\u016f st\u00e1tn\u00ed spr\u00e1vy<\/p>\n<p>&#8211; zpracov\u00e1n\u00ed \u017e\u00e1dost\u00ed o souhlasn\u00fdch stanovisc\u00edch sousedn\u00edch vlastn\u00edk\u016f<\/p>\n<p>&#8211; jedn\u00e1n\u00ed a vy\u0159\u00edzen\u00ed podklad\u016f a doklad\u016f s vlastn\u00edky technick\u00fdch s\u00edt\u00ed (voda, elekt\u0159ina, plyn\u2026)<\/p>\n<p>&#8211; pod\u00e1n\u00ed \u017e\u00e1dosti o stavebn\u00ed povolen\u00ed v\u010detn\u011b v\u0161ech pot\u0159ebn\u00fdch podklad\u016f<\/p>\n<p><b><i>Slu\u017eby v\u00a0r\u00e1mci v\u00fdb\u011bru dodavatele stavby a n\u00e1sledn\u00fd autorsk\u00fd dozor<\/i><\/b><\/p>\n<p>&#8211; je prov\u00e1d\u011bn ku prosp\u011bchu investora, aby byl dodr\u017een projekt a nedo\u0161lo k\u00a0znehodnocen\u00ed n\u00e1vrhu stavby a prodra\u017een\u00ed stavby dodavatelem\u2026p\u0159i v\u00fdb\u011bru dodavatele stavby stoj\u00edme v\u017edy na va\u0161\u00ed stran\u011b<\/p>\n<p>&nbsp;<\/p>\n<p><b>Co tedy nab\u00edz\u00edme?<\/b><\/p>\n<p><b>KOMPLETN\u00cd SERVIS OD PRVN\u00cdHO KONZULTA\u010cN\u00cdHO DNE NAD N\u00c1VRHEM VA\u0160EHO DOMU PO SAMOTNOU KOLAUDACI STAVBY!!!<\/b><\/p>\n","protected":false},"excerpt":{"rendered":"<p>Zhotovujeme\u00a0projektovou dokumentaci\u00a0na z\u00e1klad\u011b p\u0159\u00e1n\u00ed a po\u017eadavk\u016f investora, tak aby spl\u0148ovaly v\u0161echny sou\u010dasn\u00e9 normy, p\u0159edpisy [&hellip;]<\/p>\n","protected":false},"author":1,"featured_media":0,"parent":0,"menu_order":0,"comment_status":"open","ping_status":"open","template":"","meta":{"footnotes":""},"_links":{"self":[{"href":"https:\/\/www.studio-projekt.cz\/index.php?rest_route=\/wp\/v2\/pages\/2"}],"collection":[{"href":"https:\/\/www.studio-projekt.cz\/index.php?rest_route=\/wp\/v2\/pages"}],"about":[{"href":"https:\/\/www.studio-projekt.cz\/index.php?rest_route=\/wp\/v2\/types\/page"}],"author":[{"embeddable":true,"href":"https:\/\/www.studio-projekt.cz\/index.php?rest_route=\/wp\/v2\/users\/1"}],"replies":[{"embeddable":true,"href":"https:\/\/www.studio-projekt.cz\/index.php?rest_route=%2Fwp%2Fv2%2Fcomments&post=2"}],"version-history":[{"count":3,"href":"https:\/\/www.studio-projekt.cz\/index.php?rest_route=\/wp\/v2\/pages\/2\/revisions"}],"predecessor-version":[{"id":10,"href":"https:\/\/www.studio-projekt.cz\/index.php?rest_route=\/wp\/v2\/pages\/2\/revisions\/10"}],"wp:attachment":[{"href":"https:\/\/www.studio-projekt.cz\/index.php?rest_route=%2Fwp%2Fv2%2Fmedia&parent=2"}],"curies":[{"name":"wp","href":"https:\/\/api.w.org\/{rel}","templated":true}]}}